{"id":5224,"date":"2025-09-18T09:50:02","date_gmt":"2025-09-18T08:50:02","guid":{"rendered":"http:\/\/safetyconfort.com\/?product=mosqueton-bimano-m50-10x120-mm-virola"},"modified":"2025-09-18T09:50:02","modified_gmt":"2025-09-18T08:50:02","slug":"mosqueton-bimano-m50-10x120-mm-virola","status":"publish","type":"product","link":"http:\/\/safetyconfort.com\/?product=mosqueton-bimano-m50-10x120-mm-virola","title":{"rendered":"Mosquet\u00f3n bimano M50 10&#215;120 mm. virola"},"content":{"rendered":"<p>Mosquet\u00f3n de aluminio, cierre autom\u00e1tico 1\/4 vuelta, abertura 22mm.<\/p>\n<p>material: aluminio<\/p>\n<p>peso: 86grs<\/p>\n<p>resistencia est\u00e1tica: 22kN<\/p>\n<p>norma: EN362<\/p>\n","protected":false},"excerpt":{"rendered":"<p>Mosquet\u00f3n de aluminio, cierre autom\u00e1tico 1\/4 vuelta, abertura 22mm. material: aluminio peso: 86grs resistencia est\u00e1tica: 22kN norma: EN362<\/p>\n","protected":false},"featured_media":0,"comment_status":"open","ping_status":"closed","template":"","meta":[],"product_brand":[],"product_cat":[26,63],"product_tag":[],"class_list":{"0":"post-5224","1":"product","2":"type-product","3":"status-publish","5":"product_cat-proteccion-laboral","6":"product_cat-trabajos-en-altura","8":"first","9":"outofstock","10":"taxable","11":"shipping-taxable","12":"purchasable","13":"product-type-simple"},"_links":{"self":[{"href":"http:\/\/safetyconfort.com\/index.php?rest_route=\/wp\/v2\/product\/5224","targetHints":{"allow":["GET"]}}],"collection":[{"href":"http:\/\/safetyconfort.com\/index.php?rest_route=\/wp\/v2\/product"}],"about":[{"href":"http:\/\/safetyconfort.com\/index.php?rest_route=\/wp\/v2\/types\/product"}],"replies":[{"embeddable":true,"href":"http:\/\/safetyconfort.com\/index.php?rest_route=%2Fwp%2Fv2%2Fcomments&post=5224"}],"wp:attachment":[{"href":"http:\/\/safetyconfort.com\/index.php?rest_route=%2Fwp%2Fv2%2Fmedia&parent=5224"}],"wp:term":[{"taxonomy":"product_brand","embeddable":true,"href":"http:\/\/safetyconfort.com\/index.php?rest_route=%2Fwp%2Fv2%2Fproduct_brand&post=5224"},{"taxonomy":"product_cat","embeddable":true,"href":"http:\/\/safetyconfort.com\/index.php?rest_route=%2Fwp%2Fv2%2Fproduct_cat&post=5224"},{"taxonomy":"product_tag","embeddable":true,"href":"http:\/\/safetyconfort.com\/index.php?rest_route=%2Fwp%2Fv2%2Fproduct_tag&post=5224"}],"curies":[{"name":"wp","href":"https:\/\/api.w.org\/{rel}","templated":true}]}}