{"id":4799,"date":"2025-09-18T09:49:20","date_gmt":"2025-09-18T08:49:20","guid":{"rendered":"http:\/\/safetyconfort.com\/?product=guantes-blanco-mod-sensilite-48-100-hyflex"},"modified":"2025-09-18T09:49:20","modified_gmt":"2025-09-18T08:49:20","slug":"guantes-blanco-mod-sensilite-48-100-hyflex","status":"publish","type":"product","link":"http:\/\/safetyconfort.com\/?product=guantes-blanco-mod-sensilite-48-100-hyflex","title":{"rendered":"Guantes blanco mod. SENSILITE 48-100 HYFLEX"},"content":{"rendered":"<p>Confort y protecci\u00f3n para aplicaciones ligeras.<\/p>\n<p>EN 388. Proteccion abrasion nivel 4, corte nivel 1, rasgado nivel 3, perforacion nivel 1.<\/p>\n<p>La nueva gama SensiLite\u00ae Ansell de guantes industriales ha sido dise\u00f1ada para aplicaciones ligeras que requieran unos buenos niveles de confort y resistencia a la abrasi\u00f3n.<\/p>\n<p>Montaje de piezas peque\u00f1as en todo tipo de industrias, por ejemplo : rodamientos peque\u00f1os, juntas y peque\u00f1os resortes<\/p>\n<p>C\u00f3mo elegir entre los guantes SensiLite\u00ae 48-100, 48-101 y 48-105 para su aplicaci\u00f3n<\/p>\n<p>Los guantes SensiLite\u00ae 48-100 llevan la palma recubierta, combinando un agarre seguro con resistencia a la abrasi\u00f3n en un \u00e1rea de contacto muy extensa.<\/p>\n<p>Recubrimiento de PU. Palma recubierta, Forro de nylon, tejido<\/p>\n<p>Talla: 6-7-8-9-10-11<\/p>\n<p>Longitud: 210 &#8211; 265 mm<\/p>\n<p>Color: Blanco<\/p>\n","protected":false},"excerpt":{"rendered":"<p>Confort y protecci\u00f3n para aplicaciones ligeras. EN 388. Proteccion abrasion nivel 4, corte nivel 1, rasgado nivel 3, perforacion nivel 1. La nueva gama SensiLite\u00ae Ansell de guantes industriales ha sido dise\u00f1ada para aplicaciones ligeras que requieran unos buenos niveles de confort y resistencia a la abrasi\u00f3n. Montaje de piezas peque\u00f1as en todo tipo de &hellip; <\/p>\n","protected":false},"featured_media":0,"comment_status":"open","ping_status":"closed","template":"","meta":[],"product_brand":[],"product_cat":[42,26],"product_tag":[],"class_list":{"0":"post-4799","1":"product","2":"type-product","3":"status-publish","5":"product_cat-guante-uso-general","6":"product_cat-proteccion-laboral","8":"first","9":"instock","10":"taxable","11":"shipping-taxable","12":"purchasable","13":"product-type-variable"},"_links":{"self":[{"href":"http:\/\/safetyconfort.com\/index.php?rest_route=\/wp\/v2\/product\/4799","targetHints":{"allow":["GET"]}}],"collection":[{"href":"http:\/\/safetyconfort.com\/index.php?rest_route=\/wp\/v2\/product"}],"about":[{"href":"http:\/\/safetyconfort.com\/index.php?rest_route=\/wp\/v2\/types\/product"}],"replies":[{"embeddable":true,"href":"http:\/\/safetyconfort.com\/index.php?rest_route=%2Fwp%2Fv2%2Fcomments&post=4799"}],"wp:attachment":[{"href":"http:\/\/safetyconfort.com\/index.php?rest_route=%2Fwp%2Fv2%2Fmedia&parent=4799"}],"wp:term":[{"taxonomy":"product_brand","embeddable":true,"href":"http:\/\/safetyconfort.com\/index.php?rest_route=%2Fwp%2Fv2%2Fproduct_brand&post=4799"},{"taxonomy":"product_cat","embeddable":true,"href":"http:\/\/safetyconfort.com\/index.php?rest_route=%2Fwp%2Fv2%2Fproduct_cat&post=4799"},{"taxonomy":"product_tag","embeddable":true,"href":"http:\/\/safetyconfort.com\/index.php?rest_route=%2Fwp%2Fv2%2Fproduct_tag&post=4799"}],"curies":[{"name":"wp","href":"https:\/\/api.w.org\/{rel}","templated":true}]}}