{"id":4556,"date":"2025-09-18T09:48:56","date_gmt":"2025-09-18T08:48:56","guid":{"rendered":"http:\/\/safetyconfort.com\/?product=gafa-solar-azul-antirrayado-y-antiempanante-mod-kito-911887"},"modified":"2025-09-18T09:48:56","modified_gmt":"2025-09-18T08:48:56","slug":"gafa-solar-azul-antirrayado-y-antiempanante-mod-kito-911887","status":"publish","type":"product","link":"http:\/\/safetyconfort.com\/?product=gafa-solar-azul-antirrayado-y-antiempanante-mod-kito-911887","title":{"rendered":"Gafa solar azul antirrayado y antiempa\u00f1ante mod. KITO 911887"},"content":{"rendered":"<p>Descripci\u00f3n y composici\u00f3n:<\/p>\n<p>Armadura en Policabonato con pieza nasal en suave PVC para una<\/p>\n<p>excelente protecci\u00f3n y comodidad.<\/p>\n<p>Dise\u00f1o muy actual con lente curva para una mayor protecci\u00f3n frente a<\/p>\n<p>impactos. Excelente protecci\u00f3n lateral y superior.<\/p>\n<p>Sin componentes met\u00e1licos.<\/p>\n<p>Patilla de doble inyecci\u00f3n para mayor comodidad<\/p>\n<p>Lentes policarbonato versi\u00f3n solar y clear con fi ltro UV 400: 100%<\/p>\n<p>protecci\u00f3n contra rayos da\u00f1inos ultravioleta.<\/p>\n<p>Marcado FT: Resistencia al impacto de baja energ\u00eda y alta velocidad a<\/p>\n<p>temperaturas extremas.<\/p>\n<p>Norma y Certificaci\u00f3n: EN-166 EN-170 EN-172<\/p>\n","protected":false},"excerpt":{"rendered":"<p>Descripci\u00f3n y composici\u00f3n: Armadura en Policabonato con pieza nasal en suave PVC para una excelente protecci\u00f3n y comodidad. Dise\u00f1o muy actual con lente curva para una mayor protecci\u00f3n frente a impactos. Excelente protecci\u00f3n lateral y superior. Sin componentes met\u00e1licos. Patilla de doble inyecci\u00f3n para mayor comodidad Lentes policarbonato versi\u00f3n solar y clear con fi ltro &hellip; <\/p>\n","protected":false},"featured_media":0,"comment_status":"open","ping_status":"closed","template":"","meta":[],"product_brand":[],"product_cat":[26,44],"product_tag":[],"class_list":{"0":"post-4556","1":"product","2":"type-product","3":"status-publish","5":"product_cat-proteccion-laboral","6":"product_cat-proteccion-ocular","8":"first","9":"instock","10":"taxable","11":"shipping-taxable","12":"purchasable","13":"product-type-simple"},"_links":{"self":[{"href":"http:\/\/safetyconfort.com\/index.php?rest_route=\/wp\/v2\/product\/4556","targetHints":{"allow":["GET"]}}],"collection":[{"href":"http:\/\/safetyconfort.com\/index.php?rest_route=\/wp\/v2\/product"}],"about":[{"href":"http:\/\/safetyconfort.com\/index.php?rest_route=\/wp\/v2\/types\/product"}],"replies":[{"embeddable":true,"href":"http:\/\/safetyconfort.com\/index.php?rest_route=%2Fwp%2Fv2%2Fcomments&post=4556"}],"wp:attachment":[{"href":"http:\/\/safetyconfort.com\/index.php?rest_route=%2Fwp%2Fv2%2Fmedia&parent=4556"}],"wp:term":[{"taxonomy":"product_brand","embeddable":true,"href":"http:\/\/safetyconfort.com\/index.php?rest_route=%2Fwp%2Fv2%2Fproduct_brand&post=4556"},{"taxonomy":"product_cat","embeddable":true,"href":"http:\/\/safetyconfort.com\/index.php?rest_route=%2Fwp%2Fv2%2Fproduct_cat&post=4556"},{"taxonomy":"product_tag","embeddable":true,"href":"http:\/\/safetyconfort.com\/index.php?rest_route=%2Fwp%2Fv2%2Fproduct_tag&post=4556"}],"curies":[{"name":"wp","href":"https:\/\/api.w.org\/{rel}","templated":true}]}}