{"id":4098,"date":"2025-09-18T09:41:54","date_gmt":"2025-09-18T08:41:54","guid":{"rendered":"http:\/\/safetyconfort.com\/?product=chaleco-antifrio-alta-visibilidad-bicolor-mod-highway"},"modified":"2025-09-18T09:41:54","modified_gmt":"2025-09-18T08:41:54","slug":"chaleco-antifrio-alta-visibilidad-bicolor-mod-highway","status":"publish","type":"product","link":"http:\/\/safetyconfort.com\/?product=chaleco-antifrio-alta-visibilidad-bicolor-mod-highway","title":{"rendered":"Chaleco antifrio alta visibilidad bicolor mod. HIGHWAY"},"content":{"rendered":"<p>Chaleco bicolor confeccionado en tejido softshell multicapa de \u00faltima generaci\u00f3n, que ofrece una alta protecci\u00f3n t\u00e9rmica. Interior en tejido polar con mayor aporte cal\u00f3rico. Cuello alto con protege barbilla interior y cierre con cremallera frontal entera. En la parte delantera presenta dos bolsillos delanteros oblicuos con cierre de cremallera. Ribetes en bocamangas en color negro a contraste. Disponible en un amplio surtido de colores. Indicada como complemento de abrigo en cualquier circunstancia.<\/p>\n","protected":false},"excerpt":{"rendered":"<p>Chaleco bicolor confeccionado en tejido softshell multicapa de \u00faltima generaci\u00f3n, que ofrece una alta protecci\u00f3n t\u00e9rmica. Interior en tejido polar con mayor aporte cal\u00f3rico. Cuello alto con protege barbilla interior y cierre con cremallera frontal entera. En la parte delantera presenta dos bolsillos delanteros oblicuos con cierre de cremallera. Ribetes en bocamangas en color negro &hellip; <\/p>\n","protected":false},"featured_media":0,"comment_status":"open","ping_status":"closed","template":"","meta":[],"product_brand":[],"product_cat":[51,27],"product_tag":[],"class_list":{"0":"post-4098","1":"product","2":"type-product","3":"status-publish","5":"product_cat-chalecos","6":"product_cat-vestuario-laboral","8":"first","9":"instock","10":"taxable","11":"shipping-taxable","12":"purchasable","13":"product-type-variable"},"_links":{"self":[{"href":"http:\/\/safetyconfort.com\/index.php?rest_route=\/wp\/v2\/product\/4098","targetHints":{"allow":["GET"]}}],"collection":[{"href":"http:\/\/safetyconfort.com\/index.php?rest_route=\/wp\/v2\/product"}],"about":[{"href":"http:\/\/safetyconfort.com\/index.php?rest_route=\/wp\/v2\/types\/product"}],"replies":[{"embeddable":true,"href":"http:\/\/safetyconfort.com\/index.php?rest_route=%2Fwp%2Fv2%2Fcomments&post=4098"}],"wp:attachment":[{"href":"http:\/\/safetyconfort.com\/index.php?rest_route=%2Fwp%2Fv2%2Fmedia&parent=4098"}],"wp:term":[{"taxonomy":"product_brand","embeddable":true,"href":"http:\/\/safetyconfort.com\/index.php?rest_route=%2Fwp%2Fv2%2Fproduct_brand&post=4098"},{"taxonomy":"product_cat","embeddable":true,"href":"http:\/\/safetyconfort.com\/index.php?rest_route=%2Fwp%2Fv2%2Fproduct_cat&post=4098"},{"taxonomy":"product_tag","embeddable":true,"href":"http:\/\/safetyconfort.com\/index.php?rest_route=%2Fwp%2Fv2%2Fproduct_tag&post=4098"}],"curies":[{"name":"wp","href":"https:\/\/api.w.org\/{rel}","templated":true}]}}