{"id":198,"date":"2025-09-18T09:37:31","date_gmt":"2025-09-18T08:37:31","guid":{"rendered":"http:\/\/safetyconfort.com\/?product=bata-caballero-tergal-semientallada-210-gr-mod-539001"},"modified":"2025-09-18T09:37:31","modified_gmt":"2025-09-18T08:37:31","slug":"bata-caballero-tergal-semientallada-210-gr-mod-539001","status":"publish","type":"product","link":"http:\/\/safetyconfort.com\/?product=bata-caballero-tergal-semientallada-210-gr-mod-539001","title":{"rendered":"Bata caballero tergal semientallada 210 gr. mod. 539001"},"content":{"rendered":"<p>Bata de manga larga con cierre central de autom\u00e1ticos ocultos con tapeta.<\/p>\n<p>Cuello con solapa, pu\u00f1os de canal\u00e9 y un bolsillo interior en el pecho izquierdo.<\/p>\n<p>Composici\u00f3n:<\/p>\n<p>Sarga. 65% poli\u00e9ster &#8211; 35% algod\u00f3n<\/p>\n<p>Gramaje: 190 gr\/m2<\/p>\n","protected":false},"excerpt":{"rendered":"<p>Bata de manga larga con cierre central de autom\u00e1ticos ocultos con tapeta. Cuello con solapa, pu\u00f1os de canal\u00e9 y un bolsillo interior en el pecho izquierdo. Composici\u00f3n: Sarga. 65% poli\u00e9ster &#8211; 35% algod\u00f3n Gramaje: 190 gr\/m2<\/p>\n","protected":false},"featured_media":0,"comment_status":"open","ping_status":"closed","template":"","meta":[],"product_brand":[],"product_cat":[59,27],"product_tag":[],"class_list":{"0":"post-198","1":"product","2":"type-product","3":"status-publish","5":"product_cat-batas","6":"product_cat-vestuario-laboral","8":"first","9":"outofstock","10":"taxable","11":"shipping-taxable","12":"purchasable","13":"product-type-variable"},"_links":{"self":[{"href":"http:\/\/safetyconfort.com\/index.php?rest_route=\/wp\/v2\/product\/198","targetHints":{"allow":["GET"]}}],"collection":[{"href":"http:\/\/safetyconfort.com\/index.php?rest_route=\/wp\/v2\/product"}],"about":[{"href":"http:\/\/safetyconfort.com\/index.php?rest_route=\/wp\/v2\/types\/product"}],"replies":[{"embeddable":true,"href":"http:\/\/safetyconfort.com\/index.php?rest_route=%2Fwp%2Fv2%2Fcomments&post=198"}],"wp:attachment":[{"href":"http:\/\/safetyconfort.com\/index.php?rest_route=%2Fwp%2Fv2%2Fmedia&parent=198"}],"wp:term":[{"taxonomy":"product_brand","embeddable":true,"href":"http:\/\/safetyconfort.com\/index.php?rest_route=%2Fwp%2Fv2%2Fproduct_brand&post=198"},{"taxonomy":"product_cat","embeddable":true,"href":"http:\/\/safetyconfort.com\/index.php?rest_route=%2Fwp%2Fv2%2Fproduct_cat&post=198"},{"taxonomy":"product_tag","embeddable":true,"href":"http:\/\/safetyconfort.com\/index.php?rest_route=%2Fwp%2Fv2%2Fproduct_tag&post=198"}],"curies":[{"name":"wp","href":"https:\/\/api.w.org\/{rel}","templated":true}]}}